{"id":324,"date":"2014-04-19T20:00:16","date_gmt":"2014-04-20T01:00:16","guid":{"rendered":"http:\/\/www.przedsie.com\/?page_id=324"},"modified":"2014-12-09T14:27:44","modified_gmt":"2014-12-09T20:27:44","slug":"324-2","status":"publish","type":"page","link":"https:\/\/www.przedsie.com\/","title":{"rendered":""},"content":{"rendered":"<p><strong>Przejechali\u015bmy dotychczas<\/strong><br \/>\n<iframe loading=\"lazy\" width=\"800\" height=\"1300\" frameborder=\"0\" scrolling=\"no\" marginheight=\"0\" marginwidth=\"0\" src=\"https:\/\/maps.google.com\/maps\/ms?msid=205785947178687255041.0004ff05917798a4f3f6e&amp;msa=0&amp;hl=pl&amp;ie=UTF8&amp;t=m&amp;source=embed&amp;l5=-3.908099,-81.870117&amp;spn=54.790523,35.15625&amp;z=4&amp;output=embed\"><\/iframe><br \/><small>Poka\u017c <a href=\"https:\/\/maps.google.com\/maps\/ms?msid=205785947178687255041.0004ff05917798a4f3f6e&amp;msa=0&amp;hl=pl&amp;ie=UTF8&amp;t=m&amp;source=embed&amp;15=-3.908099,-81.870117&amp;spn=54.790523,35.15625&amp;z=4\" style=\"color:#0000FF;text-align:left\">Przejechalismy<\/a> na wi\u0119kszej mapie<\/small><\/p>\n<input type=\"hidden\" id=\"url324\" class=\"posturl\" value=\"https:\/\/www.przedsie.com\/\" \/>\n\t\t\t\t\t<input type=\"hidden\" id=\"com324\" class=\"postcom\" value=\"0\" \/>","protected":false},"excerpt":{"rendered":"<p>Przejechali\u015bmy dotychczas Poka\u017c Przejechalismy na wi\u0119kszej mapie<\/p>\n","protected":false},"author":1,"featured_media":0,"parent":0,"menu_order":0,"comment_status":"open","ping_status":"closed","template":"","meta":{"footnotes":""},"class_list":["post-324","page","type-page","status-publish","hentry"],"jetpack_shortlink":"https:\/\/wp.me\/P48qly-5e","jetpack_sharing_enabled":false,"jetpack_likes_enabled":false,"_links":{"self":[{"href":"https:\/\/www.przedsie.com\/index.php?rest_route=\/wp\/v2\/pages\/324","targetHints":{"allow":["GET"]}}],"collection":[{"href":"https:\/\/www.przedsie.com\/index.php?rest_route=\/wp\/v2\/pages"}],"about":[{"href":"https:\/\/www.przedsie.com\/index.php?rest_route=\/wp\/v2\/types\/page"}],"author":[{"embeddable":true,"href":"https:\/\/www.przedsie.com\/index.php?rest_route=\/wp\/v2\/users\/1"}],"replies":[{"embeddable":true,"href":"https:\/\/www.przedsie.com\/index.php?rest_route=%2Fwp%2Fv2%2Fcomments&post=324"}],"version-history":[{"count":13,"href":"https:\/\/www.przedsie.com\/index.php?rest_route=\/wp\/v2\/pages\/324\/revisions"}],"predecessor-version":[{"id":1572,"href":"https:\/\/www.przedsie.com\/index.php?rest_route=\/wp\/v2\/pages\/324\/revisions\/1572"}],"wp:attachment":[{"href":"https:\/\/www.przedsie.com\/index.php?rest_route=%2Fwp%2Fv2%2Fmedia&parent=324"}],"curies":[{"name":"wp","href":"https:\/\/api.w.org\/{rel}","templated":true}]}}